{"id":10917,"date":"2024-10-14T21:20:38","date_gmt":"2024-10-14T18:20:38","guid":{"rendered":"https:\/\/hmelisaacar.info\/iletisim\/"},"modified":"2025-04-09T17:57:33","modified_gmt":"2025-04-09T14:57:33","slug":"iletisim","status":"publish","type":"page","link":"https:\/\/hmelisaacar.info\/en\/iletisim\/","title":{"rendered":"Contact"},"content":{"rendered":"<div id=\"tdi_1\" class=\"tdc-zone\"><div class=\"tdc_zone tdi_2  wpb_row td-pb-row\"  >\n<style scoped>\n\/* custom css - generated by TagDiv Composer *\/\n\n\/* custom css - generated by TagDiv Composer *\/\n.tdi_2{\r\n                    min-height: 0;\r\n                }\n<\/style><div id=\"tdi_3\" class=\"tdc-row stretch_row_1200 td-stretch-content\"><div class=\"vc_row tdi_4  wpb_row td-pb-row\" >\n<style scoped>\n\/* custom css - generated by TagDiv Composer *\/\n\n\/* custom css - generated by TagDiv Composer *\/\n.tdi_4,\r\n                .tdi_4 .tdc-columns{\r\n                    min-height: 0;\r\n                }.tdi_4,\r\n\t\t\t\t.tdi_4 .tdc-columns{\r\n\t\t\t\t    display: flex;\r\n\t\t\t\t\r\n\t\t\t\t    flex-direction: column;\r\n\t\t\t\t\r\n\t\t\t\t    flex-wrap: nowrap;\r\n\t\t\t\t\r\n\t\t\t\t    justify-content: flex-start;\r\n\t\t\t\t\r\n\t\t\t\t    align-items: flex-start;\r\n\t\t\t\t}.tdi_4 .tdc-columns{\r\n\t\t\t\t    width: 100%;\r\n\t\t\t\t}.tdi_4:before,\r\n\t\t\t\t.tdi_4:after{\r\n\t\t\t\t    display: none;\r\n\t\t\t\t}@media (min-width: 768px) {\r\n\t                .tdi_4 {\r\n\t                    margin-left: -0px;\r\n\t                    margin-right: -0px;\r\n\t                }\r\n\t                .tdi_4 .tdc-row-video-background-error,\r\n\t                .tdi_4 > .vc_column,\r\n\t                .tdi_4 > .tdc-columns > .vc_column {\r\n\t                    padding-left: 0px;\r\n\t                    padding-right: 0px;\r\n\t                }\r\n                }\n\n\/* phone *\/\n@media (max-width: 767px){\n.tdi_4,\r\n\t\t\t\t.tdi_4 .tdc-columns{\r\n\t\t\t\t    flex-direction: row;\r\n\t\t\t\t}\n}\n\/* inline tdc_css att - generated by TagDiv Composer *\/\n\n.tdi_4{\npadding-top:40px !important;\npadding-right:14% !important;\npadding-bottom:70px !important;\npadding-left:14% !important;\nz-index:1 !important;\n}\n\n.tdi_4 .td_block_wrap{ text-align:left }\n\n\/* phone *\/\n@media (max-width: 767px)\n{\n.tdi_4{\npadding-right:0px !important;\npadding-left:0px !important;\n}\n}\n\n<\/style><div class=\"vc_column tdi_6  wpb_column vc_column_container tdc-column td-pb-span12\">\n<style scoped>\n\/* custom css - generated by TagDiv Composer *\/\n\n\/* custom css - generated by TagDiv Composer *\/\n.tdi_6{\r\n                    vertical-align: baseline;\r\n                }.tdi_6 > .wpb_wrapper,\r\n\t\t\t\t.tdi_6 > .wpb_wrapper > .tdc-elements{\r\n\t\t\t\t    display: flex;\r\n\t\t\t\t\r\n\t\t\t\t    flex-direction: column;\r\n\t\t\t\t\r\n\t\t\t\t    flex-wrap: nowrap;\r\n\t\t\t\t\r\n\t\t\t\t    justify-content: flex-start;\r\n\t\t\t\t\r\n\t\t\t\t    align-items: flex-start;\r\n\t\t\t\t}.tdi_6 > .wpb_wrapper > .tdc-elements{\r\n\t\t\t\t    width: 100%;\r\n\t\t\t\t}.tdi_6 > .wpb_wrapper > .vc_row_inner{\r\n\t\t\t\t    width: auto;\r\n\t\t\t\t}.tdi_6 > .wpb_wrapper{\r\n\t\t\t\t    width: 100%;\r\n\t\t\t\t    height: 100%;\r\n\t\t\t\t}\n<\/style><div class=\"wpb_wrapper\" ><div class=\"vc_row_inner tdi_8  vc_row vc_inner wpb_row td-pb-row\" >\n<style scoped>\n\/* custom css - generated by TagDiv Composer *\/\n\n\/* custom css - generated by TagDiv Composer *\/\n.tdi_8{\r\n                    position: relative !important;\r\n                    top: 0;\r\n                    transform: none;\r\n                    -webkit-transform: none;\r\n                }.tdi_8,\r\n\t\t\t\t.tdi_8 .tdc-inner-columns{\r\n\t\t\t\t    display: block;\r\n\t\t\t\t}.tdi_8 .tdc-inner-columns{\r\n\t\t\t\t    width: 100%;\r\n\t\t\t\t}\n<\/style><div class=\"vc_column_inner tdi_10  wpb_column vc_column_container tdc-inner-column td-pb-span12\">\n<style scoped>\n\/* custom css - generated by TagDiv Composer *\/\n\n\/* custom css - generated by TagDiv Composer *\/\n.tdi_10{\r\n                    vertical-align: baseline;\r\n                }.tdi_10 .vc_column-inner > .wpb_wrapper,\r\n\t\t\t\t.tdi_10 .vc_column-inner > .wpb_wrapper .tdc-elements{\r\n\t\t\t\t    display: block;\r\n\t\t\t\t}.tdi_10 .vc_column-inner > .wpb_wrapper .tdc-elements{\r\n\t\t\t\t    width: 100%;\r\n\t\t\t\t}\n<\/style><div class=\"vc_column-inner\"><div class=\"wpb_wrapper\" ><div class=\"td_block_wrap td_block_text_with_title tdi_11 tagdiv-type td-pb-border-top td_block_template_1\"  data-td-block-uid=\"tdi_11\" >\n<style>\n\/* custom css - generated by TagDiv Composer *\/\n.td_block_text_with_title{\r\n                  margin-bottom: 44px;\r\n                  -webkit-transform: translateZ(0);\r\n                  transform: translateZ(0);\r\n                }.td_block_text_with_title p:last-child{\r\n                  margin-bottom: 0;\r\n                }.tdi_11,\r\n                .tdi_11 p{\r\n\t\t\t        font-family: var(--genelyazi) !important;font-size:15px !important;line-height:1.8 !important;font-weight:300 !important;letter-spacing:0.4px !important;\r\n\t\t        }.tdi_11 h1{\r\n\t\t\t        font-family: var(--genelyazi) !important;\r\n\t\t        }.tdi_11 h2{\r\n\t\t\t        font-family: var(--genelyazi) !important;font-size:30px !important;font-weight:600 !important;\r\n\t\t        }.tdi_11 h3{\r\n\t\t\t        font-family:Caveat !important;font-size:32px !important;\r\n\t\t        }.tdi_11 h4{\r\n\t\t\t        font-family: var(--global-font-1) !important;\r\n\t\t        }.tdi_11{\r\n\t\t\t        color: #000000;\r\n\t\t        }.tdi_11 h1,\r\n\t\t\t\t.tdi_11 h2,\r\n\t\t\t\t.tdi_11 h3,\r\n\t\t\t\t.tdi_11 h4,\r\n\t\t\t\t.tdi_11 h5,\r\n\t\t\t\t.tdi_11 h6{\r\n\t\t\t        color: #000000;\r\n\t\t        }.tdi_11 a{\r\n\t\t\t        color: #000000;\r\n\t\t        }\n\n\/* phone *\/\n@media (max-width: 767px){\n.tdi_11 li{\r\n\t\t\t        font-family: var(--genelyazi) !important;font-size:14px !important;\r\n\t\t        }.tdi_11 li:before{\r\n\t\t\t\t    margin-top: 1px;\r\n\t\t\t        line-height: 14px !important;\r\n\t\t        }\n}\n<\/style><div class=\"td-block-title-wrap\"><\/div><div class=\"td_mod_wrap td-fix-index\"><h4><strong>Social Media<\/strong><\/h4>\n<p>Instagram :\u00a0<a href=\"https:\/\/www.instagram.com\/hmelisaacar\" target=\"_blank\" rel=\"noopener\">@hmelisaacar<\/a><br \/>\nX:\u00a0<a href=\"https:\/\/x.com\/hmelisaacar\">@hmelisaacar<\/a><br \/>\nYouTube:\u00a0<a href=\"https:\/\/www.youtube.com\/channel\/UCqPphvkvK70Qmi9hDt6zIpg\" target=\"_blank\" rel=\"noopener\">@hmelisaacar<\/a><br \/>\nAcademia:\u00a0<a href=\"https:\/\/glasgow.academia.edu\/HaticeMelisaAcar\" target=\"_blank\" rel=\"noopener\">@HaticeMelisaAcar<\/a><\/p>\n<h4><strong>E-mail<\/strong><\/h4>\n<p>haticemelisaacar@gmail.com<\/p>\n<h4><strong>Adress<\/strong><\/h4>\n<p>Adalet Mah. Manas Bulv.<br \/>\nNo:47\/B K:26 D:2601 Folkart Towers A Kule<br \/>\n35530 Bayrakl\u0131 \u0130zmir, T\u00fcrkiye<\/p>\n<\/div><\/div><\/div><\/div><\/div><\/div><\/div><\/div><\/div><\/div><\/div><\/div>","protected":false},"excerpt":{"rendered":"","protected":false},"author":1,"featured_media":0,"parent":0,"menu_order":0,"comment_status":"closed","ping_status":"closed","template":"","meta":{"_acf_changed":false,"footnotes":""},"class_list":["post-10917","page","type-page","status-publish"],"acf":[],"_links":{"self":[{"href":"https:\/\/hmelisaacar.info\/en\/wp-json\/wp\/v2\/pages\/10917","targetHints":{"allow":["GET"]}}],"collection":[{"href":"https:\/\/hmelisaacar.info\/en\/wp-json\/wp\/v2\/pages"}],"about":[{"href":"https:\/\/hmelisaacar.info\/en\/wp-json\/wp\/v2\/types\/page"}],"author":[{"embeddable":true,"href":"https:\/\/hmelisaacar.info\/en\/wp-json\/wp\/v2\/users\/1"}],"replies":[{"embeddable":true,"href":"https:\/\/hmelisaacar.info\/en\/wp-json\/wp\/v2\/comments?post=10917"}],"version-history":[{"count":2,"href":"https:\/\/hmelisaacar.info\/en\/wp-json\/wp\/v2\/pages\/10917\/revisions"}],"predecessor-version":[{"id":11068,"href":"https:\/\/hmelisaacar.info\/en\/wp-json\/wp\/v2\/pages\/10917\/revisions\/11068"}],"wp:attachment":[{"href":"https:\/\/hmelisaacar.info\/en\/wp-json\/wp\/v2\/media?parent=10917"}],"curies":[{"name":"wp","href":"https:\/\/api.w.org\/{rel}","templated":true}]}}